{"id":785,"date":"2023-02-23T00:50:51","date_gmt":"2023-02-22T23:50:51","guid":{"rendered":"https:\/\/biegstellantis.pl\/?page_id=785"},"modified":"2024-03-08T14:02:37","modified_gmt":"2024-03-08T13:02:37","slug":"polityka-cookies","status":"publish","type":"page","link":"https:\/\/biegstellantis.pl\/en\/polityka-cookies\/","title":{"rendered":"Cookies Policy"},"content":{"rendered":"<h1 class=\"wp-block-heading\"><strong>1. Wprowadzenie<\/strong><\/h1>\n\n\n\n<p>Nasza strona internetowa, <a href=\"https:\/\/biegstellantis.pl\/en\/\">https:\/\/biegstellantis.pl\/<\/a>&nbsp;(dalej: \u201estrona internetowa\u201d) u\u017cywa plik\u00f3w cookie poch\u0105dz\u0105cych z wtyczek <strong>CookieYes | GDPR Cookie Consent<\/strong> (wtyczka obs\u0142uguj\u0105ca informacje o plikach cookie i obs\u0142uguj\u0105ca zgody na pliki cookie) oraz <strong>Jetpack<\/strong> (wtyczka optymalizuj\u0105ca szybko\u015b\u0107 wy\u015bwietlania strony oraz dostarczaj\u0105ca podstawowe statystyki takie jak ilo\u015b\u0107 wej\u015b\u0107 na stron\u0119). W poni\u017cszym dokumencie informujemy o korzystaniu z plik\u00f3w cookie na naszej stronie internetowej.<\/p>\n\n\n\n<p>Administratorem strony jest:<br><strong>FCA Poland Sp. z o.o. <\/strong><br>ul. Gra\u017cy\u0144skiego 141<br>43-300 Bielsko Bia\u0142a<br><br><strong>Kontakt do IOD:<\/strong><br>iodo@stellantis.com<br><\/p>\n\n\n<h5 style=\"margin-bottom: 20px;\">Zmie\u0144 swoje ustawienia plik\u00f3w cookie:<\/h5>\n<p><a class=\"cky-banner-element\">Ustawienia Cookie<\/a><\/p>\n\n\n<h1 class=\"wp-block-heading\"><strong>2. Czym s\u0105&nbsp;pliki cookie?<\/strong><\/h1>\n\n\n\n<p>Plik cookie to&nbsp;niewielki prosty plik wysy\u0142any wraz ze&nbsp;stronami tej&nbsp;witryny i&nbsp;przechowywany przez&nbsp;przegl\u0105dark\u0119 na&nbsp;dysku twardym komputera lub innego urz\u0105dzenia. Informacje w&nbsp;nich przechowywane mog\u0105 zosta\u0107 zwr\u00f3cone na&nbsp;nasze serwery podczas kolejnej wizyty.<\/p>\n\n\n\n<h1 class=\"wp-block-heading\">3. Czym s\u0105 skrypty?<\/h1>\n\n\n\n<p>Skrypt to&nbsp;fragment kodu programu, kt\u00f3ry&nbsp;s\u0142u\u017cy do&nbsp;prawid\u0142owego i&nbsp;interaktywnego dzia\u0142ania naszej witryny. Ten kod jest wykonywany na&nbsp;naszym serwerze lub na&nbsp;twoim urz\u0105dzeniu.<\/p>\n\n\n\n<h1 class=\"wp-block-heading\"><strong>4. Typy plik\u00f3w cookie<\/strong><\/h1>\n\n\n\n<p><strong>4.1 Pliki cookie techniczne lub funkcjonalne<\/strong> Niekt\u00f3re pliki cookie zapewniaj\u0105 prawid\u0142owe dzia\u0142anie niekt\u00f3rych cz\u0119\u015bci witryny i&nbsp;poznanie preferencji u\u017cytkownika. Umieszczaj\u0105c funkcjonalne pliki cookie, u\u0142atwiamy odwiedzanie naszej strony internetowej. W&nbsp;ten spos\u00f3b nie&nbsp;musisz wielokrotnie wprowadza\u0107 tych samych informacji podczas odwiedzania naszej strony internetowej i, na&nbsp;przyk\u0142ad, zg\u0142oszenia pozostaj\u0105 na li\u015bcie dop\u00f3ki nie klikniesz \"Potwierd\u017a\". Mo\u017cemy umie\u015bci\u0107 te&nbsp;pliki cookie bez&nbsp;Twojej&nbsp;zgody.<\/p>\n\n\n\n<p><strong>4.2 Pliki cookie analityczne<\/strong> U\u017cywamy analitycznych plik\u00f3w cookie, aby zoptymalizowa\u0107 korzystanie ze&nbsp;strony internetowej dla naszych u\u017cytkownik\u00f3w. Dzi\u0119ki tym analitycznym plikom cookie uzyskujemy wgl\u0105d w&nbsp;korzystanie z&nbsp;naszej witryny.&nbsp;Prosimy o&nbsp;zgod\u0119 na&nbsp;umieszczanie analitycznych plik\u00f3w cookie.<\/p>\n\n\n\n<h1 class=\"wp-block-heading\">5. <strong>Umieszczone pliki cookie<\/strong><\/h1>\n\n\n<div class=\"cky-audit-table-element\"><\/div>\n\n\n\n<h1 class=\"wp-block-heading\"><strong>6. Zgoda<\/strong><\/h1>\n\n\n\n<p>Kiedy odwiedzasz nasz\u0105 stron\u0119 po&nbsp;raz pierwszy, poka\u017cemy Ci&nbsp;wyskakuj\u0105ce okienko z&nbsp;wyja\u015bnieniem dotycz\u0105cym plik\u00f3w cookie. Po&nbsp;klikni\u0119ciu przycisku \"Akceptuj wszystko\" wyra\u017casz zgod\u0119 na&nbsp;u\u017cywanie przez&nbsp;nas kategorii plik\u00f3w cookie i&nbsp;wtyczek wybranych w&nbsp;wyskakuj\u0105cym okienku, jak opisano w&nbsp;tym o\u015bwiadczeniu dotycz\u0105cym plik\u00f3w cookie. Mo\u017cesz tak\u017ce dostosowa\u0107 zgod\u0119 na pliki cookie klikaj\u0105c przycisk \"Dostosuj\" a po przejrzeniu i ustawieniu plik\u00f3w cookie do swoich preferencji kliknij \"Zapisz moje preferencje\" by zapisa\u0107 zmiany lub \"Zaakceptuj wszystkie\" je\u015bli jednak chcesz wyrazi\u0107 zgod\u0119 na wszystkie pliki cookie niezale\u017cnie od wprowadzonych przez Ciebie zmian. Udzielenie zgody jest dobrowolne. Korzystanie z&nbsp;plik\u00f3w cookie mo\u017ce zosta\u0107 wy\u0142\u0105czone za&nbsp;po\u015brednictwem przegl\u0105darki, ale&nbsp;pami\u0119taj, \u017ce&nbsp;nasza witryna mo\u017ce ju\u017c nie&nbsp;dzia\u0142a\u0107 poprawnie. <\/p>\n\n\n\n<h1 class=\"wp-block-heading\"><strong>7. W\u0142\u0105czanie \/ wy\u0142\u0105czanie i usuwanie plik\u00f3w cookie<\/strong><\/h1>\n\n\n\n<p>Akceptacja plik\u00f3w cookie odbywa si\u0119 poprzez banner cookie lub panel ustawie\u0144 cookie. <\/p>\n\n\n\n<p>Mo\u017cesz u\u017cy\u0107 przegl\u0105darki internetowej do&nbsp;automatycznego lub r\u0119cznego usuwania plik\u00f3w cookie. Mo\u017cesz r\u00f3wnie\u017c okre\u015bli\u0107, \u017ce&nbsp;niekt\u00f3re pliki cookie mog\u0105 nie&nbsp;by\u0107 umieszczane. Inn\u0105 opcj\u0105 jest zmiana ustawie\u0144 przegl\u0105darki internetowej, tak&nbsp;aby otrzymywa\u0107 komunikat za&nbsp;ka\u017cdym razem, gdy&nbsp;plik cookie zostanie umieszczony.<\/p>\n\n\n\n<p>Aby uzyska\u0107 wi\u0119cej informacji na&nbsp;temat tych opcji, zapoznaj si\u0119 z&nbsp;instrukcjami w&nbsp;sekcji pomocy przegl\u0105darki.<\/p>\n\n\n\n<p><strong>Pami\u0119taj, \u017ce&nbsp;nasza witryna mo\u017ce nie&nbsp;dzia\u0142a\u0107 poprawnie, je\u015bli wszystkie pliki cookie s\u0105&nbsp;wy\u0142\u0105czone.<\/strong> Je\u015bli usuniesz pliki cookie w&nbsp;swojej przegl\u0105darce, zostan\u0105 one ponownie umieszczone po&nbsp;wyra\u017ceniu zgody podczas ponownego odwiedzania naszych stron internetowych.<\/p>\n\n\n\n<h1 class=\"wp-block-heading\"><strong>8. Dane kontaktowe<\/strong><\/h1>\n\n\n\n<p>W&nbsp;przypadku pyta\u0144 i&nbsp;\/ lub komentarzy dotycz\u0105cych naszej polityki dotycz\u0105cej plik\u00f3w cookie i&nbsp;tego o\u015bwiadczenia, prosimy o&nbsp;kontakt z&nbsp;nami za&nbsp;pomoc\u0105 nast\u0119puj\u0105cych danych kontaktowych:<\/p>\n\n\n\n<p><strong>FCA Poland S<\/strong>p. z o.o.<br>ul. Gra\u017cy\u0144skiego 141<br>43-300 Bielsko Bia\u0142a<br><br><strong>Kontakt do IOD:<\/strong><br>iodo@stellantis.com<\/p>","protected":false},"excerpt":{"rendered":"<p>1. Wprowadzenie Nasza strona internetowa, https:\/\/biegstellantis.pl\/&nbsp;(dalej: \u201estrona internetowa\u201d) u\u017cywa plik\u00f3w cookie poch\u0105dz\u0105cych z wtyczek CookieYes | GDPR Cookie Consent (wtyczka obs\u0142uguj\u0105ca informacje o plikach cookie i obs\u0142uguj\u0105ca zgody na pliki cookie) oraz Jetpack (wtyczka optymalizuj\u0105ca szybko\u015b\u0107 wy\u015bwietlania strony oraz dostarczaj\u0105ca podstawowe statystyki takie jak ilo\u015b\u0107 wej\u015b\u0107 na stron\u0119). W poni\u017cszym dokumencie informujemy o korzystaniu z [&hellip;]<\/p>","protected":false},"author":140,"featured_media":0,"parent":0,"menu_order":0,"comment_status":"closed","ping_status":"closed","template":"","meta":{"_acf_changed":false,"footnotes":""},"class_list":["post-785","page","type-page","status-publish","hentry"],"acf":[],"jetpack_sharing_enabled":true,"_links":{"self":[{"href":"https:\/\/biegstellantis.pl\/en\/wp-json\/wp\/v2\/pages\/785","targetHints":{"allow":["GET"]}}],"collection":[{"href":"https:\/\/biegstellantis.pl\/en\/wp-json\/wp\/v2\/pages"}],"about":[{"href":"https:\/\/biegstellantis.pl\/en\/wp-json\/wp\/v2\/types\/page"}],"author":[{"embeddable":true,"href":"https:\/\/biegstellantis.pl\/en\/wp-json\/wp\/v2\/users\/140"}],"replies":[{"embeddable":true,"href":"https:\/\/biegstellantis.pl\/en\/wp-json\/wp\/v2\/comments?post=785"}],"version-history":[{"count":11,"href":"https:\/\/biegstellantis.pl\/en\/wp-json\/wp\/v2\/pages\/785\/revisions"}],"predecessor-version":[{"id":1277,"href":"https:\/\/biegstellantis.pl\/en\/wp-json\/wp\/v2\/pages\/785\/revisions\/1277"}],"wp:attachment":[{"href":"https:\/\/biegstellantis.pl\/en\/wp-json\/wp\/v2\/media?parent=785"}],"curies":[{"name":"wp","href":"https:\/\/api.w.org\/{rel}","templated":true}]}}