{"id":1273,"date":"2024-03-08T12:38:41","date_gmt":"2024-03-08T11:38:41","guid":{"rendered":"https:\/\/biegstellantis.pl\/?post_type=product&#038;p=1273"},"modified":"2025-03-31T18:53:04","modified_gmt":"2025-03-31T16:53:04","slug":"pokonuje-dystans-biegnac-old","status":"publish","type":"product","link":"https:\/\/biegstellantis.pl\/en\/product\/pokonuje-dystans-biegnac-old\/","title":{"rendered":"Pokonuj\u0119 dystans biegn\u0105c (old)"},"content":{"rendered":"","protected":false},"excerpt":{"rendered":"<p>Before adding the report to the basket, enter the number of kilometres you are submitting or declaring*<\/p>\n<p>Enter full kilometres rounded up.<\/p>\n<p>&nbsp;<\/p>\n<p>*- You can declare the kilometres you are planning to conquer throughout the initiative<\/p>\n<p><strong>or<\/strong><\/p>\n<p>you can report more kilometres each time after you conquer them (they will be added up to close the initiative).<\/p>\n<p>&nbsp;<\/p>\n<p><strong>IMPORTANT:<\/strong> Udokumentuj pokonane kilometry za pomoc\u0105 screena (zrzutu ekranu) lub zdj\u0119cia z urz\u0105dze\u0144 do monitorowania pokonanego dystansu. Do 1 wrze\u015bnia 2025 prze\u015blij zdj\u0119cie\/zdj\u0119cia z konta mailowego, z kt\u00f3rego zapisa\u0142e\u015b si\u0119 do biegu, na adres mailowy: fap_komunikacja_wewnetrzna@stellantis.com<\/p>","protected":false},"featured_media":1289,"template":"","meta":{"_acf_changed":false},"product_brand":[],"product_cat":[18],"product_tag":[],"class_list":{"0":"post-1273","1":"product","2":"type-product","3":"status-publish","4":"has-post-thumbnail","6":"product_cat-zgloszenia","8":"first","9":"instock","10":"virtual","11":"purchasable","12":"product-type-simple"},"acf":[],"jetpack_sharing_enabled":true,"_links":{"self":[{"href":"https:\/\/biegstellantis.pl\/en\/wp-json\/wp\/v2\/product\/1273","targetHints":{"allow":["GET"]}}],"collection":[{"href":"https:\/\/biegstellantis.pl\/en\/wp-json\/wp\/v2\/product"}],"about":[{"href":"https:\/\/biegstellantis.pl\/en\/wp-json\/wp\/v2\/types\/product"}],"wp:featuredmedia":[{"embeddable":true,"href":"https:\/\/biegstellantis.pl\/en\/wp-json\/wp\/v2\/media\/1289"}],"wp:attachment":[{"href":"https:\/\/biegstellantis.pl\/en\/wp-json\/wp\/v2\/media?parent=1273"}],"wp:term":[{"taxonomy":"product_brand","embeddable":true,"href":"https:\/\/biegstellantis.pl\/en\/wp-json\/wp\/v2\/product_brand?post=1273"},{"taxonomy":"product_cat","embeddable":true,"href":"https:\/\/biegstellantis.pl\/en\/wp-json\/wp\/v2\/product_cat?post=1273"},{"taxonomy":"product_tag","embeddable":true,"href":"https:\/\/biegstellantis.pl\/en\/wp-json\/wp\/v2\/product_tag?post=1273"}],"curies":[{"name":"wp","href":"https:\/\/api.w.org\/{rel}","templated":true}]}}