{"id":26,"date":"2021-06-15T00:53:45","date_gmt":"2021-06-14T22:53:45","guid":{"rendered":"http:\/\/opbieg.grafitovo.pl\/?post_type=product&#038;p=26"},"modified":"2025-04-02T14:41:24","modified_gmt":"2025-04-02T12:41:24","slug":"wpis-na-liste-startowa","status":"publish","type":"product","link":"https:\/\/biegstellantis.pl\/en\/product\/wpis-na-liste-startowa\/","title":{"rendered":"Apply to participate in the initiative"},"content":{"rendered":"<p>Rejestracja<\/p>","protected":false},"excerpt":{"rendered":"<p><strong><span style=\"color: #333333;\">By submitting participation in an initiative, your account is automatically created.<\/span><\/strong><\/p>\n<p class=\"p1\">In order to participate in an initiative, each participant must fill out an application form and make a donation to the Foundation.<\/p>\n<p class=\"p1\">If you wish to make a donation through the initiative page, select the amount and proceed.<\/p>\n<p class=\"p1\"><strong>Je\u015bli w 2025 r. wp\u0142aci\u0142e\u015b ju\u017c darowizn\u0119<\/strong> na rzecz Fundacji, prze\u015blij potwierdzenie przelewu\/paragon i przejd\u017a dalej.<\/p>","protected":false},"featured_media":27,"template":"","meta":{"_acf_changed":false},"product_brand":[],"product_cat":[17],"product_tag":[],"class_list":{"0":"post-26","1":"product","2":"type-product","3":"status-publish","4":"has-post-thumbnail","6":"product_cat-zapisy","8":"first","9":"instock","10":"sold-individually","11":"shipping-taxable","12":"purchasable","13":"product-type-variable"},"acf":[],"jetpack_sharing_enabled":true,"_links":{"self":[{"href":"https:\/\/biegstellantis.pl\/en\/wp-json\/wp\/v2\/product\/26","targetHints":{"allow":["GET"]}}],"collection":[{"href":"https:\/\/biegstellantis.pl\/en\/wp-json\/wp\/v2\/product"}],"about":[{"href":"https:\/\/biegstellantis.pl\/en\/wp-json\/wp\/v2\/types\/product"}],"wp:featuredmedia":[{"embeddable":true,"href":"https:\/\/biegstellantis.pl\/en\/wp-json\/wp\/v2\/media\/27"}],"wp:attachment":[{"href":"https:\/\/biegstellantis.pl\/en\/wp-json\/wp\/v2\/media?parent=26"}],"wp:term":[{"taxonomy":"product_brand","embeddable":true,"href":"https:\/\/biegstellantis.pl\/en\/wp-json\/wp\/v2\/product_brand?post=26"},{"taxonomy":"product_cat","embeddable":true,"href":"https:\/\/biegstellantis.pl\/en\/wp-json\/wp\/v2\/product_cat?post=26"},{"taxonomy":"product_tag","embeddable":true,"href":"https:\/\/biegstellantis.pl\/en\/wp-json\/wp\/v2\/product_tag?post=26"}],"curies":[{"name":"wp","href":"https:\/\/api.w.org\/{rel}","templated":true}]}}