{"id":844,"date":"2023-03-02T17:25:05","date_gmt":"2023-03-02T16:25:05","guid":{"rendered":"https:\/\/biegstellantis.pl\/?post_type=product&#038;p=844"},"modified":"2024-04-11T10:38:44","modified_gmt":"2024-04-11T08:38:44","slug":"zloz-dodatkowa-dotacje","status":"publish","type":"product","link":"https:\/\/biegstellantis.pl\/en\/product\/zloz-dodatkowa-dotacje\/","title":{"rendered":"Z\u0142\u00f3\u017c dodatkow\u0105 dotacj\u0119"},"content":{"rendered":"","protected":false},"excerpt":{"rendered":"<p class=\"p1\">Je\u017celi masz \u017cyczenie<strong> wesprze\u0107 dodatkowo Fundacj\u0119 \u015al\u0105skie Hospicjum dla Dzieci \u201e\u015awietlikowo\u201d<\/strong> to wybierz kwot\u0119 kt\u00f3r\u0105 chcesz wp\u0142aci\u0107 i kliknij \"Dodaj zg\u0142oszenie\".<\/p>","protected":false},"featured_media":1570,"template":"","meta":{"_acf_changed":false},"product_brand":[],"product_cat":[24],"product_tag":[],"class_list":{"0":"post-844","1":"product","2":"type-product","3":"status-publish","4":"has-post-thumbnail","6":"product_cat-dotacje","8":"first","9":"instock","10":"sold-individually","11":"shipping-taxable","12":"purchasable","13":"product-type-variable"},"acf":[],"jetpack_sharing_enabled":true,"_links":{"self":[{"href":"https:\/\/biegstellantis.pl\/en\/wp-json\/wp\/v2\/product\/844","targetHints":{"allow":["GET"]}}],"collection":[{"href":"https:\/\/biegstellantis.pl\/en\/wp-json\/wp\/v2\/product"}],"about":[{"href":"https:\/\/biegstellantis.pl\/en\/wp-json\/wp\/v2\/types\/product"}],"wp:featuredmedia":[{"embeddable":true,"href":"https:\/\/biegstellantis.pl\/en\/wp-json\/wp\/v2\/media\/1570"}],"wp:attachment":[{"href":"https:\/\/biegstellantis.pl\/en\/wp-json\/wp\/v2\/media?parent=844"}],"wp:term":[{"taxonomy":"product_brand","embeddable":true,"href":"https:\/\/biegstellantis.pl\/en\/wp-json\/wp\/v2\/product_brand?post=844"},{"taxonomy":"product_cat","embeddable":true,"href":"https:\/\/biegstellantis.pl\/en\/wp-json\/wp\/v2\/product_cat?post=844"},{"taxonomy":"product_tag","embeddable":true,"href":"https:\/\/biegstellantis.pl\/en\/wp-json\/wp\/v2\/product_tag?post=844"}],"curies":[{"name":"wp","href":"https:\/\/api.w.org\/{rel}","templated":true}]}}